{"id":18219,"date":"2017-10-25T06:56:35","date_gmt":"2017-10-25T06:56:35","guid":{"rendered":"https:\/\/eko-ma.eu\/?page_id=18219"},"modified":"2017-10-25T07:03:24","modified_gmt":"2017-10-25T07:03:24","slug":"impressum-firmendaten","status":"publish","type":"page","link":"https:\/\/eko-ma.eu\/index.php\/impressum-firmendaten\/?lang=de","title":{"rendered":"Impressum &#8211; Firmendaten"},"content":{"rendered":"<p>[vc_row][vc_column]<div class=\"dfd-spacer-module\"  data-units=\"px\" data-wide_resolution=\"1280\" data-wide_size=\"90\" data-normal_resolution=\"1024\" data-normal_size=\"80\" data-tablet_resolution=\"800\" data-tablet_size=\"60\" data-mobile_resolution=\"480\" data-mobile_size=\"60\" style=\"height: 90px;\"><\/div><div class=\"dfd-heading-shortcode\"><div class=\"dfd-heading-module-wrap  text-left style_01 dfd-heading-69dee5f18653b dfd-disable-resposive-headings\" id=\"dfd-heading-69dee5f18653b\" ><div class=\"inline-block\"><div class=\"dfd-heading-module\"><h3 class=\"widget-title dfd-title \" style=\"\">Impressum &#8211; Firmendaten<\/h3><\/div><\/div><\/div><script type=\"text\/javascript\">\r\n\t\t\t\t\t\t\t\t\t(function($) {\r\n\t\t\t\t\t\t\t\t\t\t$(\"head\").append(\"<style>.dfd-heading-69dee5f18653b .dfd-heading-module .widget-title {margin-bottom:25px;}.dfd-heading-69dee5f18653b.dfd-heading-module-wrap .dfd-heading-module .dfd-heading-delimiter {margin-top:10px;margin-bottom:10px;}<\/style>\");\r\n\t\t\t\t\t\t\t\t\t})(jQuery);\r\n\t\t\t\t\t\t\t\t<\/script><\/div>[vc_column_text]<strong>EKO-MA d.o.o.<\/strong><\/p>\n<p><strong>Adresse:<\/strong> Ljubljanska cesta 2a, SI-1295 Ivan\u010dna Gorica, Slowenien<\/p>\n<p><strong>Gesch\u00e4ftsf\u00fchrer:<\/strong> Herr Zdravko Skubic<\/p>\n<p><strong>Tel.:<\/strong> 00386 (0)1 7869 270<\/p>\n<p><strong>Fax:<\/strong> 00386 (0)1 7869 266<\/p>\n<p><strong>E-Mail:<\/strong>\u00a0<a href=\"mailto:info.ekoma@gmail.com\">info.ekoma@gmail.com<\/a><\/p>\n<p><strong>Webseite:<\/strong> <a href=\"http:\/\/www.eko-ma.eu\">www.eko-ma.eu<\/a><\/p>\n<p><strong>USt Id-Nr.:<\/strong> SI33396655<\/p>\n<p><strong>Rechtsform:<\/strong> \u00a0GmbH (Gesellschaft mit beschr\u00e4nkter Haftung)[\/vc_column_text]<div class=\"dfd-spacer-module\"  data-units=\"px\" data-wide_resolution=\"1280\" data-wide_size=\"120\" data-normal_resolution=\"1024\" data-normal_size=\"90\" data-tablet_resolution=\"800\" data-tablet_size=\"80\" data-mobile_resolution=\"480\" data-mobile_size=\"80\" style=\"height: 120px;\"><\/div>[\/vc_column][\/vc_row]<\/p>\n","protected":false},"excerpt":{"rendered":"<p>[vc_row][vc_column][vc_column_text]EKO-MA d.o.o. Adresse: Ljubljanska cesta 2a, SI-1295 Ivan\u010dna Gorica, Slowenien Gesch\u00e4ftsf\u00fchrer: Herr Zdravko Skubic Tel.: 00386 (0)1 7869 270 Fax: 00386 (0)1 7869 266 E-Mail:\u00a0info.ekoma@gmail.com Webseite: www.eko-ma.eu USt Id-Nr.: SI33396655<\/p>\n","protected":false},"author":3,"featured_media":0,"parent":0,"menu_order":0,"comment_status":"closed","ping_status":"closed","template":"page-custom-with-header.php","meta":{"_acf_changed":false,"footnotes":""},"class_list":["post-18219","page","type-page","status-publish","hentry"],"acf":[],"_links":{"self":[{"href":"https:\/\/eko-ma.eu\/index.php\/wp-json\/wp\/v2\/pages\/18219","targetHints":{"allow":["GET"]}}],"collection":[{"href":"https:\/\/eko-ma.eu\/index.php\/wp-json\/wp\/v2\/pages"}],"about":[{"href":"https:\/\/eko-ma.eu\/index.php\/wp-json\/wp\/v2\/types\/page"}],"author":[{"embeddable":true,"href":"https:\/\/eko-ma.eu\/index.php\/wp-json\/wp\/v2\/users\/3"}],"replies":[{"embeddable":true,"href":"https:\/\/eko-ma.eu\/index.php\/wp-json\/wp\/v2\/comments?post=18219"}],"version-history":[{"count":3,"href":"https:\/\/eko-ma.eu\/index.php\/wp-json\/wp\/v2\/pages\/18219\/revisions"}],"predecessor-version":[{"id":18221,"href":"https:\/\/eko-ma.eu\/index.php\/wp-json\/wp\/v2\/pages\/18219\/revisions\/18221"}],"wp:attachment":[{"href":"https:\/\/eko-ma.eu\/index.php\/wp-json\/wp\/v2\/media?parent=18219"}],"curies":[{"name":"wp","href":"https:\/\/api.w.org\/{rel}","templated":true}]}}