{"id":18136,"date":"2017-10-25T03:44:21","date_gmt":"2017-10-25T03:44:21","guid":{"rendered":"https:\/\/eko-ma.eu\/?page_id=18136"},"modified":"2017-10-25T05:41:47","modified_gmt":"2017-10-25T05:41:47","slug":"home","status":"publish","type":"page","link":"https:\/\/eko-ma.eu\/index.php\/home\/?lang=de","title":{"rendered":"Home"},"content":{"rendered":"<p>[vc_row][vc_column][rev_slider_vc alias=&#8221;twelfth&#8221;][\/vc_column][\/vc_row][vc_row][vc_column]<div class=\"dfd-spacer-module\"  data-units=\"px\" data-wide_resolution=\"1280\" data-wide_size=\"60\" data-normal_resolution=\"1024\" data-normal_size=\"60\" data-tablet_resolution=\"800\" data-tablet_size=\"60\" data-mobile_resolution=\"480\" data-mobile_size=\"50\" style=\"height: 60px;\"><\/div>[vc_row_inner][vc_column_inner width=&#8221;1\/4&#8243;][\/vc_column_inner][vc_column_inner width=&#8221;1\/2&#8243;]<div class=\"dfd-heading-shortcode\"><div class=\"dfd-heading-module-wrap  text-center style_02 cr-animate-gen dfd-heading-69ded1db4fc94 dfd-disable-resposive-headings\" id=\"dfd-heading-69ded1db4fc94\" data-animate-type = \"transition.expandIn\" ><div class=\"inline-block\"><div class=\"dfd-heading-module\"><h3 class=\"widget-sub-title dfd-sub-title \" style=\"\">Knowhow + Tradition = Vertrauen !<\/h3><h5 class=\"widget-title dfd-title \" style=\"\">\u00dcBER DAS UNTERNEHMEN<\/h5><div class=\"dfd-heading-delimiter\"><\/div><\/div><\/div><\/div><script type=\"text\/javascript\">\r\n\t\t\t\t\t\t\t\t\t(function($) {\r\n\t\t\t\t\t\t\t\t\t\t$(\"head\").append(\"<style>.dfd-heading-69ded1db4fc94.dfd-heading-module-wrap .dfd-heading-module .dfd-heading-delimiter {border-bottom-style:dotted;border-bottom-width:1px;width:550px;border-bottom-color:#cccccc;}.dfd-heading-69ded1db4fc94.dfd-heading-module-wrap .dfd-heading-module .dfd-heading-delimiter {margin-top:10px;margin-bottom:10px;}<\/style>\");\r\n\t\t\t\t\t\t\t\t\t})(jQuery);\r\n\t\t\t\t\t\t\t\t<\/script><\/div>[\/vc_column_inner][vc_column_inner width=&#8221;1\/4&#8243;][\/vc_column_inner][\/vc_row_inner]<div class=\"dfd-spacer-module\"  data-units=\"px\" data-wide_resolution=\"1280\" data-wide_size=\"15\" data-normal_resolution=\"1024\" data-normal_size=\"15\" data-tablet_resolution=\"800\" data-tablet_size=\"11\" data-mobile_resolution=\"480\" data-mobile_size=\"10\" style=\"height: 15px;\"><\/div>[vc_column_text]Wir sind ein erfolgreiches internationales Handels- und Engineering-Unternehmen und f\u00fcr uns bestehen schon seit langer Zeit keine Grenzen, auch die Scheingrenzen nicht. Wir verbinden Europa im wirtschaftlichen Sinne, besonders starke Verbindung haben wir zwischen den M\u00e4rkten SLOWENIEN und DEUTSCHLAND \u201egeflochten\u201c.\u00a0 Unser Lieferprogramm Umfasst die Halbfabrikate, Fertigprodukte und Rohstoffe in den Bereichen: Metallurgie (Gussteile, Stahl, Edelstahl, Aluminium), Kunststoff, Kompositen und spezielle Stoffe.<\/p>\n<p>Unsere Mission und Herausforderung sind die Nischenprodukte, die wir zusammen mit unseren Herstellern entwickeln. Wir liefern die Produkte in h\u00f6chster Qualit\u00e4t und bieten unseren Kunden die kompletten L\u00f6sungen. Knowhow, Zuverl\u00e4ssigkeit und Korrektheit sind die Werte, die uns dorthin gebracht haben, wo wir heute sind. Wir bauen die erfolgreichen und qualit\u00e4tsvollen Gesch\u00e4ftsbeziehungen auf, das k\u00f6nnen unsere zahlreiche Kunden und Gesch\u00e4ftspartner auf den EU-M\u00e4rkten auch best\u00e4tigen.<\/p>\n<p>Die Erfahrungen unserer Mitarbeiter f\u00fchren zur\u00fcck in die Anfang 90-er Jahre und wir kennen sehr gut die EU-M\u00e4rkte, besonders starke Verbindungen haben wir zwischen den L\u00e4ndern Deutschland und Slowenien aufgebaut.[\/vc_column_text]<div class=\"dfd-spacer-module\"  data-units=\"px\" data-wide_resolution=\"1280\" data-wide_size=\"70\" data-normal_resolution=\"1024\" data-normal_size=\"55\" data-tablet_resolution=\"800\" data-tablet_size=\"50\" data-mobile_resolution=\"480\" data-mobile_size=\"40\" style=\"height: 70px;\"><\/div>[\/vc_column][\/vc_row][vc_row][vc_column width=&#8221;1\/2&#8243;]<div id=\"dfd-single-image-module69ded1db4ffc4-8902\" class=\"dfd-single-image-module  image-left \" ><img loading=\"lazy\" decoding=\"async\" src=\"https:\/\/eko-ma.eu\/wp-content\/uploads\/2017\/04\/Ekoma_metalurgija2.jpg\" width=\"640\" height=\"360\"  alt=\"Image module\" \/><\/div>[vc_row_inner][vc_column_inner css=&#8221;.vc_custom_1508911998586{margin-top: -10px !important;}&#8221;]<div class=\"dfd-heading-shortcode\"><div class=\"dfd-heading-module-wrap  text-left style_01 cr-animate-gen dfd-heading-69ded1db50026 dfd-disable-resposive-headings\" id=\"dfd-heading-69ded1db50026\" data-animate-type = \"transition.fadeIn\" ><div class=\"inline-block\"><div class=\"dfd-heading-module\"><h1 class=\"widget-title dfd-title \" style=\"color: #948f79 !important; line-height: 1px; \">01<\/h1><\/div><\/div><\/div><script type=\"text\/javascript\">\r\n\t\t\t\t\t\t\t\t\t(function($) {\r\n\t\t\t\t\t\t\t\t\t\t$(\"head\").append(\"<style>.dfd-heading-69ded1db50026.dfd-heading-module-wrap .dfd-heading-module .dfd-heading-delimiter {margin-top:10px;margin-bottom:10px;}@media (max-width: 1023px) and (min-width: 800px){.dfd-heading-69ded1db50026 .dfd-title{font-size: 50px !important;}}<\/style>\");\r\n\t\t\t\t\t\t\t\t\t})(jQuery);\r\n\t\t\t\t\t\t\t\t<\/script><\/div><div class=\"dfd-spacer-module\"  data-units=\"px\" data-wide_resolution=\"1280\" data-wide_size=\"35\" data-normal_resolution=\"1024\" data-normal_size=\"35\" data-tablet_resolution=\"800\" data-tablet_size=\"35\" data-mobile_resolution=\"480\" data-mobile_size=\"25\" style=\"height: 35px;\"><\/div><div id=\"idinfobox69ded1db501c4\" class=\"dfd-info-box clearfix style-01 layout-06  idinfobox69ded1db501c4 cr-animate-gen\" data-animate-item=\".dfd-animate-container\" data-animate-type = \"transition.slideDownIn\" ><div class=\"dfd-animate-container\"><div class=\"content-wrap ovh\"><div class=\"info-box-title feature-title\" style=\"\">Metallurgie<\/div><div class=\"wrap-delimiter\"><div class=\"delimiter\" ><\/div><\/div><\/div><div class=\"clear ovh\"><div class=\"description\" style=\"\">&#8211; Gussteile f\u00fcr verschiedene Industriezweige: aus Sph\u00e4roguss, Grauguss und Aluminiumlegierungen,<br \/>\n&#8211; Kommunalprogramm \u2013 Rinnenroste und Gussdeckel,<br \/>\n&#8211; Halbfabrikate aus Aluminium und Aluminium als Blockmaterial f\u00fcr die Verwendung in den Aluminiumgie\u00dfereien,<br \/>\n&#8211; Stahl und Edelstahl.<\/div><div><div class=\"dfd-module-readmore\"><a href=\"https:\/\/eko-ma.eu\/index.php\/lieferprogramm-produkte\/?lang=de\"   class=\"read-more-05 \" ><i class=\"dfd-icon-down_right\"><\/i><span>Mehr<\/span><i class=\"dfd-icon-down_right\"><\/i><\/a><\/div><\/div><\/div><\/div><\/div><div class=\"dfd-spacer-module\"  data-units=\"px\" data-wide_resolution=\"1280\" data-wide_size=\"0\" data-normal_resolution=\"1024\" data-normal_size=\"0\" data-tablet_resolution=\"800\" data-tablet_size=\"0\" data-mobile_resolution=\"480\" data-mobile_size=\"45\" style=\"height: 0px;\"><\/div>[\/vc_column_inner][\/vc_row_inner][\/vc_column][vc_column width=&#8221;1\/2&#8243;]<div id=\"dfd-single-image-module69ded1db503ad-5116\" class=\"dfd-single-image-module  image-left \" ><img loading=\"lazy\" decoding=\"async\" src=\"https:\/\/eko-ma.eu\/wp-content\/uploads\/2017\/04\/Kompositen2.jpg\" width=\"640\" height=\"360\"  alt=\"Image module\" \/><\/div>[vc_row_inner][vc_column_inner]<div class=\"dfd-heading-shortcode\"><div class=\"dfd-heading-module-wrap  text-left style_01 cr-animate-gen dfd-heading-69ded1db5040b dfd-disable-resposive-headings\" id=\"dfd-heading-69ded1db5040b\" data-animate-type = \"transition.fadeIn\" ><div class=\"inline-block\"><div class=\"dfd-heading-module\"><h1 class=\"widget-title dfd-title \" style=\"color: #948f79 !important; line-height: 1px; \">02<\/h1><\/div><\/div><\/div><script type=\"text\/javascript\">\r\n\t\t\t\t\t\t\t\t\t(function($) {\r\n\t\t\t\t\t\t\t\t\t\t$(\"head\").append(\"<style>.dfd-heading-69ded1db5040b.dfd-heading-module-wrap .dfd-heading-module .dfd-heading-delimiter {margin-top:10px;margin-bottom:10px;}<\/style>\");\r\n\t\t\t\t\t\t\t\t\t})(jQuery);\r\n\t\t\t\t\t\t\t\t<\/script><\/div><div class=\"dfd-spacer-module\"  data-units=\"px\" data-wide_resolution=\"1280\" data-wide_size=\"35\" data-normal_resolution=\"1024\" data-normal_size=\"35\" data-tablet_resolution=\"800\" data-tablet_size=\"35\" data-mobile_resolution=\"480\" data-mobile_size=\"25\" style=\"height: 35px;\"><\/div><div id=\"idinfobox69ded1db50576\" class=\"dfd-info-box clearfix style-01 layout-06  idinfobox69ded1db50576 cr-animate-gen\" data-animate-item=\".dfd-animate-container\" data-animate-type = \"transition.slideDownIn\" ><div class=\"dfd-animate-container\"><div class=\"content-wrap ovh\"><div class=\"info-box-title feature-title\" style=\"\">Technische Erzeugnisse<\/div><div class=\"wrap-delimiter\"><div class=\"delimiter\" ><\/div><\/div><\/div><div class=\"clear ovh\"><div class=\"description\" style=\"\">&#8211; Halbfabrikate aus Kompositen f\u00fcr spezielle Anwendungen,<br \/>\n&#8211; Stahl- bzw. Metallkonstruktionen, Komponenten, Werkzeuge und Anlagen in den folgenden Bereichen: Kommunalbedarf, Metallkonstruktionen, Werkzeuge f\u00fcr den Landwirtschaftsbedarf,<br \/>\n&#8211; Kunststoffhalbfabrikate und Endprodukte, hergestellt nach Spritzverfahren,<br \/>\n&#8211; Kunststoffhalbfabrikate und Endprodukte, hergestellt nach Rotationsverfahren. <\/div><div><div class=\"dfd-module-readmore\"><a href=\"https:\/\/eko-ma.eu\/index.php\/lieferprogramm-produkte\/?lang=de\"   class=\"read-more-05 \" ><i class=\"dfd-icon-down_right\"><\/i><span>Mehr<\/span><i class=\"dfd-icon-down_right\"><\/i><\/a><\/div><\/div><\/div><\/div><\/div><div class=\"dfd-spacer-module\"  data-units=\"px\" data-wide_resolution=\"1280\" data-wide_size=\"0\" data-normal_resolution=\"1024\" data-normal_size=\"0\" data-tablet_resolution=\"800\" data-tablet_size=\"0\" data-mobile_resolution=\"480\" data-mobile_size=\"45\" style=\"height: 0px;\"><\/div>[\/vc_column_inner][\/vc_row_inner][\/vc_column][\/vc_row][vc_row][vc_column][\/vc_column][\/vc_row]<\/p>\n","protected":false},"excerpt":{"rendered":"<p>[vc_row][vc_column][rev_slider_vc alias=&#8221;twelfth&#8221;][\/vc_column][\/vc_row][vc_row][vc_column][vc_row_inner][vc_column_inner width=&#8221;1\/4&#8243;][\/vc_column_inner][vc_column_inner width=&#8221;1\/2&#8243;][\/vc_column_inner][vc_column_inner width=&#8221;1\/4&#8243;][\/vc_column_inner][\/vc_row_inner][vc_column_text]Wir sind ein erfolgreiches internationales Handels- und Engineering-Unternehmen und f\u00fcr uns bestehen schon seit langer Zeit keine Grenzen, auch die Scheingrenzen nicht. Wir verbinden Europa im<\/p>\n","protected":false},"author":3,"featured_media":0,"parent":0,"menu_order":0,"comment_status":"closed","ping_status":"open","template":"page-custom.php","meta":{"_acf_changed":false,"footnotes":""},"class_list":["post-18136","page","type-page","status-publish","hentry"],"acf":[],"_links":{"self":[{"href":"https:\/\/eko-ma.eu\/index.php\/wp-json\/wp\/v2\/pages\/18136","targetHints":{"allow":["GET"]}}],"collection":[{"href":"https:\/\/eko-ma.eu\/index.php\/wp-json\/wp\/v2\/pages"}],"about":[{"href":"https:\/\/eko-ma.eu\/index.php\/wp-json\/wp\/v2\/types\/page"}],"author":[{"embeddable":true,"href":"https:\/\/eko-ma.eu\/index.php\/wp-json\/wp\/v2\/users\/3"}],"replies":[{"embeddable":true,"href":"https:\/\/eko-ma.eu\/index.php\/wp-json\/wp\/v2\/comments?post=18136"}],"version-history":[{"count":9,"href":"https:\/\/eko-ma.eu\/index.php\/wp-json\/wp\/v2\/pages\/18136\/revisions"}],"predecessor-version":[{"id":18208,"href":"https:\/\/eko-ma.eu\/index.php\/wp-json\/wp\/v2\/pages\/18136\/revisions\/18208"}],"wp:attachment":[{"href":"https:\/\/eko-ma.eu\/index.php\/wp-json\/wp\/v2\/media?parent=18136"}],"curies":[{"name":"wp","href":"https:\/\/api.w.org\/{rel}","templated":true}]}}