{"id":18045,"date":"2017-10-24T07:32:25","date_gmt":"2017-10-24T07:32:25","guid":{"rendered":"https:\/\/eko-ma.eu\/?page_id=18045"},"modified":"2017-10-25T05:39:24","modified_gmt":"2017-10-25T05:39:24","slug":"prodajni-program","status":"publish","type":"page","link":"https:\/\/eko-ma.eu\/index.php\/prodajni-program\/","title":{"rendered":"Prodajni program"},"content":{"rendered":"<p>[vc_row][vc_column]<div class=\"dfd-spacer-module\"  data-units=\"px\" data-wide_resolution=\"1280\" data-wide_size=\"90\" data-normal_resolution=\"1024\" data-normal_size=\"80\" data-tablet_resolution=\"800\" data-tablet_size=\"60\" data-mobile_resolution=\"480\" data-mobile_size=\"60\" style=\"height: 90px;\"><\/div>[vc_column_text css=&#8221;.vc_custom_1508838350937{padding-right: 20px !important;padding-left: 20px !important;}&#8221;]Podjetje EKO-MA d.o.o. je bilo ustanovljeno leta 2009. Najpomembnej\u0161i cilj je bil zdru\u017eiti izku\u0161nje sodelavcev na podro\u010dju veletrgovine in sicer skoraj izklju\u010dno na izvozu in uvozu. Glavni trgi delovanja so Nem\u010dija, Slovenija, Italija, Hrva\u0161ka, Avstrija in \u0160vica. Dele\u017e izvoza predstavlja pribli\u017eno 80 % na\u0161ega prometa.[\/vc_column_text][\/vc_column][\/vc_row][vc_row css=&#8221;.vc_custom_1508838665539{padding-right: 20px !important;padding-left: 20px !important;}&#8221;][vc_column]<div class=\"dfd-spacer-module\"  data-units=\"px\" data-wide_resolution=\"1280\" data-wide_size=\"50\" data-normal_resolution=\"1024\" data-normal_size=\"40\" data-tablet_resolution=\"800\" data-tablet_size=\"30\" data-mobile_resolution=\"480\" data-mobile_size=\"30\" style=\"height: 50px;\"><\/div><div class=\"dfd-heading-shortcode\"><div class=\"dfd-heading-module-wrap  text-left style_10 cr-animate-gen dfd-heading-69ded0f21566e dfd-disable-resposive-headings\" id=\"dfd-heading-69ded0f21566e\" data-animate-type = \"transition.fadeIn\" ><div class=\"inline-block\"><div class=\"dfd-heading-module\"><h3 class=\"widget-sub-title dfd-sub-title \" style=\"\">01<\/h3><div class=\"title-wrap\"><h5 class=\"widget-title dfd-title \" style=\"\">METALURGIJA<\/h5><div class=\"dfd-heading-delimiter\"><\/div><\/div><\/div><\/div><\/div><script type=\"text\/javascript\">\r\n\t\t\t\t\t\t\t\t\t(function($) {\r\n\t\t\t\t\t\t\t\t\t\t$(\"head\").append(\"<style>.dfd-heading-69ded0f21566e.dfd-heading-module-wrap .dfd-heading-module .dfd-heading-delimiter {border-bottom-style:solid;border-bottom-width:1px;width:100px;border-bottom-color:#dddddd;}.dfd-heading-69ded0f21566e.dfd-heading-module-wrap .dfd-heading-module .dfd-heading-delimiter {margin-top:10px;margin-bottom:10px;}<\/style>\");\r\n\t\t\t\t\t\t\t\t\t})(jQuery);\r\n\t\t\t\t\t\t\t\t<\/script><\/div>[vc_column_text]<\/p>\n<ul>\n<li>ulitki (surovi in obdelani) za razli\u010dne panoge v industriji: nodularna litina, siva litina, aluminij,<\/li>\n<li>komunalni pokrovi in re\u0161etke,<\/li>\n<li>aluminijevi ulitki in aluminij kot surovina v ingotih,<\/li>\n<li>jekla in nerjavna jekla.<\/li>\n<\/ul>\n<p>[\/vc_column_text]<div class=\"dfd-spacer-module\"  data-units=\"px\" data-wide_resolution=\"1280\" data-wide_size=\"50\" data-normal_resolution=\"1024\" data-normal_size=\"40\" data-tablet_resolution=\"800\" data-tablet_size=\"30\" data-mobile_resolution=\"480\" data-mobile_size=\"30\" style=\"height: 50px;\"><\/div><div id=\"dfd-horizontal-scroll-69ded0f2157e5\" class=\"dfd-horizontal-scroll-wrap  cr-animate-gen\" data-animate-item = \".dfd-horizontal-scroll-wrap\" data-animate-type = \"transition.bounceLeftIn\" ><div class=\"dfd-horizontal-scroll-container\" data-height=\"240\"><ul class=\"slidee\"><li><div class=\"cover dfd-img-lazy-load\" style=\"padding: 0 7.5px;\"><img loading=\"lazy\" decoding=\"async\" src=\"data:image\/svg+xml;charset=utf-8,%3Csvg xmlns%3D'http%3A%2F%2Fwww.w3.org%2F2000%2Fsvg' viewBox%3D'0 0 280 240'%2F%3E\" data-src=\"https:\/\/eko-ma.eu\/wp-content\/uploads\/2017\/10\/Ekoma_metalurgija5-280x240.jpg\" width=\"280\" height=\"240\" alt=\"Image\" \/><\/div><\/li><li><div class=\"cover dfd-img-lazy-load\" style=\"padding: 0 7.5px;\"><img loading=\"lazy\" decoding=\"async\" src=\"data:image\/svg+xml;charset=utf-8,%3Csvg xmlns%3D'http%3A%2F%2Fwww.w3.org%2F2000%2Fsvg' viewBox%3D'0 0 280 240'%2F%3E\" data-src=\"https:\/\/eko-ma.eu\/wp-content\/uploads\/2017\/10\/Ekoma_metalurgija2-280x240.jpg\" width=\"280\" height=\"240\" alt=\"Image\" \/><\/div><\/li><li><div class=\"cover dfd-img-lazy-load\" style=\"padding: 0 7.5px;\"><img loading=\"lazy\" decoding=\"async\" src=\"data:image\/svg+xml;charset=utf-8,%3Csvg xmlns%3D'http%3A%2F%2Fwww.w3.org%2F2000%2Fsvg' viewBox%3D'0 0 280 240'%2F%3E\" data-src=\"https:\/\/eko-ma.eu\/wp-content\/uploads\/2017\/10\/Ekoma_metalurgija3-280x240.jpg\" width=\"280\" height=\"240\" alt=\"Image\" \/><\/div><\/li><li><div class=\"cover dfd-img-lazy-load\" style=\"padding: 0 7.5px;\"><img loading=\"lazy\" decoding=\"async\" src=\"data:image\/svg+xml;charset=utf-8,%3Csvg xmlns%3D'http%3A%2F%2Fwww.w3.org%2F2000%2Fsvg' viewBox%3D'0 0 280 240'%2F%3E\" data-src=\"https:\/\/eko-ma.eu\/wp-content\/uploads\/2017\/10\/Ekoma_metalurgija4-280x240.jpg\" width=\"280\" height=\"240\" alt=\"Image\" \/><\/div><\/li><li><div class=\"cover dfd-img-lazy-load\" style=\"padding: 0 7.5px;\"><img loading=\"lazy\" decoding=\"async\" src=\"data:image\/svg+xml;charset=utf-8,%3Csvg xmlns%3D'http%3A%2F%2Fwww.w3.org%2F2000%2Fsvg' viewBox%3D'0 0 280 240'%2F%3E\" data-src=\"https:\/\/eko-ma.eu\/wp-content\/uploads\/2017\/10\/Ekoma_metalurgija1-280x240.jpg\" width=\"280\" height=\"240\" alt=\"Image\" \/><\/div><\/li><li><div class=\"cover dfd-img-lazy-load\" style=\"padding: 0 7.5px;\"><img loading=\"lazy\" decoding=\"async\" src=\"data:image\/svg+xml;charset=utf-8,%3Csvg xmlns%3D'http%3A%2F%2Fwww.w3.org%2F2000%2Fsvg' viewBox%3D'0 0 280 240'%2F%3E\" data-src=\"https:\/\/eko-ma.eu\/wp-content\/uploads\/2017\/10\/Ekoma_metalurgija6-280x240.jpg\" width=\"280\" height=\"240\" alt=\"Image\" \/><\/div><\/li><\/ul><\/div><div class=\"dfd-navbar\"><a href=\"#\" class=\"sly-prev\" style=\"color: #000000\"><i class=\"dfd-icon-left_2\"><\/i><\/a><a href=\"#\" class=\"sly-next\" style=\"color: #000000\"><i class=\"dfd-icon-right_2\"><\/i><\/a><\/div>\t\t\t<script type=\"text\/javascript\">\r\n\t\t\t\t(function($) {\r\n\t\t\t\t\tvar scrollbarWidth;\r\n\t\t\t\t\t$(document).ready(function() {\r\n\t\t\t\t\t\tvar div = document.createElement('div');\r\n\r\n\t\t\t\t\t\tdiv.style.overflowY = 'scroll';\r\n\t\t\t\t\t\tdiv.style.width =  '50px';\r\n\t\t\t\t\t\tdiv.style.height = '50px';\r\n\t\t\t\t\t\tdiv.style.visibility = 'hidden';\r\n\t\t\t\t\t\tdocument.body.appendChild(div);\r\n\t\t\t\t\t\tscrollbarWidth = div.offsetWidth - div.clientWidth;\r\n\t\t\t\t\t\tdocument.body.removeChild(div);\r\n\t\t\t\t\t});\r\n\t\t\t\t\t\r\n\t\t\t\t\tvar $window = $(window),\r\n\t\t\t\t\t\t$container = $('#dfd-horizontal-scroll-69ded0f2157e5'),\r\n\t\t\t\t\t\t$slider = $('.dfd-horizontal-scroll-container', $container),\r\n\t\t\t\t\t\tstartFrom = 20,\r\n\t\t\t\t\t\tdataHeight = $slider.data('height'),\r\n\t\t\t\t\talyCarouselInit = function() {\r\n\t\t\t\t\t\tif($window.width() > (1022 - scrollbarWidth)) {\r\n\t\t\t\t\t\t\t$slider.css('height', dataHeight).sly({\r\n\t\t\t\t\t\t\t\t\/\/slidee:     null,  \/\/ Selector, DOM element, or jQuery object with DOM element representing SLIDEE.\r\n\t\t\t\t\t\t\t\thorizontal: true, \/\/ Switch to horizontal mode.\r\n\r\n\t\t\t\t\t\t\t\t\/\/ Item based navigation\r\n\t\t\t\t\t\t\t\titemNav:        'basic',  \/\/ Item navigation type. Can be: 'basic', 'centered', 'forceCentered'.\r\n\t\t\t\t\t\t\t\t\/\/itemSelector:   null,  \/\/ Select only items that match this selector.\r\n\t\t\t\t\t\t\t\tsmart:          true, \/\/ Repositions the activated item to help with further navigation.\r\n\t\t\t\t\t\t\t\tactivateOn:     'hover',  \/\/ Activate an item on this event. Can be: 'click', 'mouseenter', ...\r\n\t\t\t\t\t\t\t\tactivateMiddle: true, \/\/ Always activate the item in the middle of the FRAME. forceCentered only.\r\n\r\n\t\t\t\t\t\t\t\t\/\/ Scrolling\r\n\t\t\t\t\t\t\t\t\t\t\t\t\t\t\t\tscrollBy:     1,     \/\/ Pixels or items to move per one mouse scroll. 0 to disable scrolling.\r\n\t\t\t\t\t\t\t\tscrollHijack: 300,   \/\/ Milliseconds since last wheel event after which it is acceptable to hijack global scroll.\r\n\t\t\t\t\t\t\t\tscrollTrap:   false, \/\/ Don't bubble scrolling when hitting scrolling limits.\r\n\r\n\t\t\t\t\t\t\t\t\/\/ Dragging\r\n\t\t\t\t\t\t\t\t\/\/dragSource:    null,  \/\/ Selector or DOM element for catching dragging events. Default is FRAME.\r\n\t\t\t\t\t\t\t\tmouseDragging: true, \/\/ Enable navigation by dragging the SLIDEE with mouse cursor.\r\n\t\t\t\t\t\t\t\ttouchDragging: true, \/\/ Enable navigation by dragging the SLIDEE with touch events.\r\n\t\t\t\t\t\t\t\treleaseSwing:  true, \/\/ Ease out on dragging swing release.\r\n\t\t\t\t\t\t\t\tswingSpeed:    0.2,   \/\/ Swing synchronization speed, where: 1 = instant, 0 = infinite.\r\n\t\t\t\t\t\t\t\telasticBounds: true, \/\/ Stretch SLIDEE position limits when dragging past FRAME boundaries.\r\n\t\t\t\t\t\t\t\t\/\/interactive:   null,  \/\/ Selector for special interactive elements.\r\n\r\n\t\t\t\t\t\t\t\t\/\/ Scrollbar\r\n\t\t\t\t\t\t\t\t\r\n\t\t\t\t\t\t\t\t\r\n\t\t\t\t\t\t\t\t\t\t\t\t\t\t\t\t\/\/ Navigation buttons\r\n\t\t\t\t\t\t\t\t\/\/forward:  null, \/\/ Selector or DOM element for \"forward movement\" button.\r\n\t\t\t\t\t\t\t\t\/\/backward: null, \/\/ Selector or DOM element for \"backward movement\" button.\r\n\t\t\t\t\t\t\t\tprev:     $container.find('.sly-prev'), \/\/ Selector or DOM element for \"previous item\" button.\r\n\t\t\t\t\t\t\t\tnext:     $container.find('.sly-next'), \/\/ Selector or DOM element for \"next item\" button.\r\n\t\t\t\t\t\t\t\t\/\/prevPage: null, \/\/ Selector or DOM element for \"previous page\" button.\r\n\t\t\t\t\t\t\t\t\/\/nextPage: null, \/\/ Selector or DOM element for \"next page\" button.\r\n\t\t\t\t\t\t\t\t\r\n\t\t\t\t\t\t\t\t\r\n\t\t\t\t\t\t\t\t\/\/ Mixed options\r\n\t\t\t\t\t\t\t\tmoveBy:        300,     \/\/ Speed in pixels per second used by forward and backward buttons.\r\n\t\t\t\t\t\t\t\tspeed:         150,       \/\/ Animations speed in milliseconds. 0 to disable animations.\r\n\t\t\t\t\t\t\t\teasing:        'swing', \/\/ Easing for duration based (tweening) animations.\r\n\t\t\t\t\t\t\t\tstartAt:       startFrom,    \/\/ Starting offset in pixels or items.\r\n\t\t\t\t\t\t\t\tkeyboardNavBy: 'items',    \/\/ Enable keyboard navigation by 'items' or 'pages'.\r\n\r\n\t\t\t\t\t\t\t\t\/\/ Classes\r\n\t\t\t\t\t\t\t\tdraggedClass:  'dragged', \/\/ Class for dragged elements (like SLIDEE or scrollbar handle).\r\n\t\t\t\t\t\t\t\tactiveClass:   'active',  \/\/ Class for active items and pages.\r\n\t\t\t\t\t\t\t\tdisabledClass: 'disabled', \/\/ Class for disabled navigation elements.\r\n\t\t\t\t\t\t\t});\r\n\t\t\t\t\t\t}\r\n\t\t\t\t\t};\r\n\t\t\t\t\t$(window).on('load resize', alyCarouselInit);\r\n\t\t\t\t\t$('head').append('<style>@media only screen and (max-width: 1022px) {.dfd-horizontal-scroll-wrap .dfd-horizontal-scroll-container ul li .cover {padding: 7.5px 0 !important;}}<\/style>');\r\n\t\t\t\t})(jQuery);\r\n\t\t\t<\/script>\r\n\t\t\t<\/div>[\/vc_column][\/vc_row][vc_row css=&#8221;.vc_custom_1508838665539{padding-right: 20px !important;padding-left: 20px !important;}&#8221;][vc_column]<div class=\"dfd-spacer-module\"  data-units=\"px\" data-wide_resolution=\"1280\" data-wide_size=\"50\" data-normal_resolution=\"1024\" data-normal_size=\"40\" data-tablet_resolution=\"800\" data-tablet_size=\"30\" data-mobile_resolution=\"480\" data-mobile_size=\"30\" style=\"height: 50px;\"><\/div><div class=\"dfd-heading-shortcode\"><div class=\"dfd-heading-module-wrap  text-left style_10 cr-animate-gen dfd-heading-69ded0f2164cf dfd-disable-resposive-headings\" id=\"dfd-heading-69ded0f2164cf\" data-animate-type = \"transition.fadeIn\" ><div class=\"inline-block\"><div class=\"dfd-heading-module\"><h3 class=\"widget-sub-title dfd-sub-title \" style=\"\">02<\/h3><div class=\"title-wrap\"><h5 class=\"widget-title dfd-title \" style=\"\">TEHNI\u010cNI IZDELKI<\/h5><div class=\"dfd-heading-delimiter\"><\/div><\/div><\/div><\/div><\/div><script type=\"text\/javascript\">\r\n\t\t\t\t\t\t\t\t\t(function($) {\r\n\t\t\t\t\t\t\t\t\t\t$(\"head\").append(\"<style>.dfd-heading-69ded0f2164cf.dfd-heading-module-wrap .dfd-heading-module .dfd-heading-delimiter {border-bottom-style:solid;border-bottom-width:1px;width:100px;border-bottom-color:#dddddd;}.dfd-heading-69ded0f2164cf.dfd-heading-module-wrap .dfd-heading-module .dfd-heading-delimiter {margin-top:10px;margin-bottom:10px;}<\/style>\");\r\n\t\t\t\t\t\t\t\t\t})(jQuery);\r\n\t\t\t\t\t\t\t\t<\/script><\/div>[vc_column_text]<\/p>\n<ul>\n<li>specializirani polizdelki in izdelki iz kompozitov s poudarkom na fiberglasu (poliester, epoxy), v to skupino spadajo razli\u010dni profili za industrijsko rabo (tudi avtoindustrija) in koli\u010dki za elektri\u010dnega pastirja,<\/li>\n<li>kovinske konstrukcije in naprave, med drugim komunalne naprave (sne\u017eni plugi, komunalne kosilnice itd.), kmetijsko orodje in izdelki na kmetijskem podro\u010dju, kot so vile, grablje, lopate, kose, razni ro\u010daji,<\/li>\n<li>plasti\u010dni izdelki in polizdelki, proizvedeni po postopkih brizganja &#8211; razni pokrovi, navijalni bobni, cepi, drsniki, pasti za mi\u0161i, podgane in voluharje,<\/li>\n<li>plasti\u010dni izdelki, proizvedeni po rotirajo\u010dem postopku (roto-moulding) &#8211; razli\u010dne kadi, posode in zbiralniki.<\/li>\n<\/ul>\n<p>[\/vc_column_text]<div class=\"dfd-spacer-module\"  data-units=\"px\" data-wide_resolution=\"1280\" data-wide_size=\"50\" data-normal_resolution=\"1024\" data-normal_size=\"40\" data-tablet_resolution=\"800\" data-tablet_size=\"30\" data-mobile_resolution=\"480\" data-mobile_size=\"30\" style=\"height: 50px;\"><\/div><div id=\"dfd-horizontal-scroll-69ded0f216610\" class=\"dfd-horizontal-scroll-wrap  cr-animate-gen\" data-animate-item = \".dfd-horizontal-scroll-wrap\" data-animate-type = \"transition.bounceLeftIn\" ><div class=\"dfd-horizontal-scroll-container\" data-height=\"240\"><ul class=\"slidee\"><li><div class=\"cover dfd-img-lazy-load\" style=\"padding: 0 7.5px;\"><img loading=\"lazy\" decoding=\"async\" src=\"data:image\/svg+xml;charset=utf-8,%3Csvg xmlns%3D'http%3A%2F%2Fwww.w3.org%2F2000%2Fsvg' viewBox%3D'0 0 280 240'%2F%3E\" data-src=\"https:\/\/eko-ma.eu\/wp-content\/uploads\/2017\/10\/Kompositen2-280x240.jpg\" width=\"280\" height=\"240\" alt=\"Image\" \/><\/div><\/li><li><div class=\"cover dfd-img-lazy-load\" style=\"padding: 0 7.5px;\"><img loading=\"lazy\" decoding=\"async\" src=\"data:image\/svg+xml;charset=utf-8,%3Csvg xmlns%3D'http%3A%2F%2Fwww.w3.org%2F2000%2Fsvg' viewBox%3D'0 0 280 240'%2F%3E\" data-src=\"https:\/\/eko-ma.eu\/wp-content\/uploads\/2017\/10\/Kompositen1-280x240.jpg\" width=\"280\" height=\"240\" alt=\"Image\" \/><\/div><\/li><li><div class=\"cover dfd-img-lazy-load\" style=\"padding: 0 7.5px;\"><img loading=\"lazy\" decoding=\"async\" src=\"data:image\/svg+xml;charset=utf-8,%3Csvg xmlns%3D'http%3A%2F%2Fwww.w3.org%2F2000%2Fsvg' viewBox%3D'0 0 280 240'%2F%3E\" data-src=\"https:\/\/eko-ma.eu\/wp-content\/uploads\/2017\/10\/Kompositen3-280x240.jpg\" width=\"280\" height=\"240\" alt=\"Image\" \/><\/div><\/li><li><div class=\"cover dfd-img-lazy-load\" style=\"padding: 0 7.5px;\"><img loading=\"lazy\" decoding=\"async\" src=\"data:image\/svg+xml;charset=utf-8,%3Csvg xmlns%3D'http%3A%2F%2Fwww.w3.org%2F2000%2Fsvg' viewBox%3D'0 0 280 240'%2F%3E\" data-src=\"https:\/\/eko-ma.eu\/wp-content\/uploads\/2017\/10\/Kompositen1-280x240.jpg\" width=\"280\" height=\"240\" alt=\"Image\" \/><\/div><\/li><li><div class=\"cover dfd-img-lazy-load\" style=\"padding: 0 7.5px;\"><img loading=\"lazy\" decoding=\"async\" src=\"data:image\/svg+xml;charset=utf-8,%3Csvg xmlns%3D'http%3A%2F%2Fwww.w3.org%2F2000%2Fsvg' viewBox%3D'0 0 280 240'%2F%3E\" data-src=\"https:\/\/eko-ma.eu\/wp-content\/uploads\/2017\/10\/Schneepflug1-280x240.jpg\" width=\"280\" height=\"240\" alt=\"Image\" \/><\/div><\/li><li><div class=\"cover dfd-img-lazy-load\" style=\"padding: 0 7.5px;\"><img loading=\"lazy\" decoding=\"async\" src=\"data:image\/svg+xml;charset=utf-8,%3Csvg xmlns%3D'http%3A%2F%2Fwww.w3.org%2F2000%2Fsvg' viewBox%3D'0 0 280 240'%2F%3E\" data-src=\"https:\/\/eko-ma.eu\/wp-content\/uploads\/2017\/10\/Fiberglaspfahl1-280x240.jpg\" width=\"280\" height=\"240\" alt=\"Image\" \/><\/div><\/li><li><div class=\"cover dfd-img-lazy-load\" style=\"padding: 0 7.5px;\"><img loading=\"lazy\" decoding=\"async\" src=\"data:image\/svg+xml;charset=utf-8,%3Csvg xmlns%3D'http%3A%2F%2Fwww.w3.org%2F2000%2Fsvg' viewBox%3D'0 0 280 240'%2F%3E\" data-src=\"https:\/\/eko-ma.eu\/wp-content\/uploads\/2017\/10\/Gabel1-280x240.jpg\" width=\"280\" height=\"240\" alt=\"Image\" \/><\/div><\/li><li><div class=\"cover dfd-img-lazy-load\" style=\"padding: 0 7.5px;\"><img loading=\"lazy\" decoding=\"async\" src=\"data:image\/svg+xml;charset=utf-8,%3Csvg xmlns%3D'http%3A%2F%2Fwww.w3.org%2F2000%2Fsvg' viewBox%3D'0 0 280 240'%2F%3E\" data-src=\"https:\/\/eko-ma.eu\/wp-content\/uploads\/2017\/10\/Schaufel2-280x240.jpg\" width=\"280\" height=\"240\" alt=\"Image\" \/><\/div><\/li><\/ul><\/div><div class=\"dfd-navbar\"><a href=\"#\" class=\"sly-prev\" style=\"color: #000000\"><i class=\"dfd-icon-left_2\"><\/i><\/a><a href=\"#\" class=\"sly-next\" style=\"color: #000000\"><i class=\"dfd-icon-right_2\"><\/i><\/a><\/div>\t\t\t<script type=\"text\/javascript\">\r\n\t\t\t\t(function($) {\r\n\t\t\t\t\tvar scrollbarWidth;\r\n\t\t\t\t\t$(document).ready(function() {\r\n\t\t\t\t\t\tvar div = document.createElement('div');\r\n\r\n\t\t\t\t\t\tdiv.style.overflowY = 'scroll';\r\n\t\t\t\t\t\tdiv.style.width =  '50px';\r\n\t\t\t\t\t\tdiv.style.height = '50px';\r\n\t\t\t\t\t\tdiv.style.visibility = 'hidden';\r\n\t\t\t\t\t\tdocument.body.appendChild(div);\r\n\t\t\t\t\t\tscrollbarWidth = div.offsetWidth - div.clientWidth;\r\n\t\t\t\t\t\tdocument.body.removeChild(div);\r\n\t\t\t\t\t});\r\n\t\t\t\t\t\r\n\t\t\t\t\tvar $window = $(window),\r\n\t\t\t\t\t\t$container = $('#dfd-horizontal-scroll-69ded0f216610'),\r\n\t\t\t\t\t\t$slider = $('.dfd-horizontal-scroll-container', $container),\r\n\t\t\t\t\t\tstartFrom = 20,\r\n\t\t\t\t\t\tdataHeight = $slider.data('height'),\r\n\t\t\t\t\talyCarouselInit = function() {\r\n\t\t\t\t\t\tif($window.width() > (1022 - scrollbarWidth)) {\r\n\t\t\t\t\t\t\t$slider.css('height', dataHeight).sly({\r\n\t\t\t\t\t\t\t\t\/\/slidee:     null,  \/\/ Selector, DOM element, or jQuery object with DOM element representing SLIDEE.\r\n\t\t\t\t\t\t\t\thorizontal: true, \/\/ Switch to horizontal mode.\r\n\r\n\t\t\t\t\t\t\t\t\/\/ Item based navigation\r\n\t\t\t\t\t\t\t\titemNav:        'basic',  \/\/ Item navigation type. Can be: 'basic', 'centered', 'forceCentered'.\r\n\t\t\t\t\t\t\t\t\/\/itemSelector:   null,  \/\/ Select only items that match this selector.\r\n\t\t\t\t\t\t\t\tsmart:          true, \/\/ Repositions the activated item to help with further navigation.\r\n\t\t\t\t\t\t\t\tactivateOn:     'hover',  \/\/ Activate an item on this event. Can be: 'click', 'mouseenter', ...\r\n\t\t\t\t\t\t\t\tactivateMiddle: true, \/\/ Always activate the item in the middle of the FRAME. forceCentered only.\r\n\r\n\t\t\t\t\t\t\t\t\/\/ Scrolling\r\n\t\t\t\t\t\t\t\t\t\t\t\t\t\t\t\tscrollBy:     1,     \/\/ Pixels or items to move per one mouse scroll. 0 to disable scrolling.\r\n\t\t\t\t\t\t\t\tscrollHijack: 300,   \/\/ Milliseconds since last wheel event after which it is acceptable to hijack global scroll.\r\n\t\t\t\t\t\t\t\tscrollTrap:   false, \/\/ Don't bubble scrolling when hitting scrolling limits.\r\n\r\n\t\t\t\t\t\t\t\t\/\/ Dragging\r\n\t\t\t\t\t\t\t\t\/\/dragSource:    null,  \/\/ Selector or DOM element for catching dragging events. Default is FRAME.\r\n\t\t\t\t\t\t\t\tmouseDragging: true, \/\/ Enable navigation by dragging the SLIDEE with mouse cursor.\r\n\t\t\t\t\t\t\t\ttouchDragging: true, \/\/ Enable navigation by dragging the SLIDEE with touch events.\r\n\t\t\t\t\t\t\t\treleaseSwing:  true, \/\/ Ease out on dragging swing release.\r\n\t\t\t\t\t\t\t\tswingSpeed:    0.2,   \/\/ Swing synchronization speed, where: 1 = instant, 0 = infinite.\r\n\t\t\t\t\t\t\t\telasticBounds: true, \/\/ Stretch SLIDEE position limits when dragging past FRAME boundaries.\r\n\t\t\t\t\t\t\t\t\/\/interactive:   null,  \/\/ Selector for special interactive elements.\r\n\r\n\t\t\t\t\t\t\t\t\/\/ Scrollbar\r\n\t\t\t\t\t\t\t\t\r\n\t\t\t\t\t\t\t\t\r\n\t\t\t\t\t\t\t\t\t\t\t\t\t\t\t\t\/\/ Navigation buttons\r\n\t\t\t\t\t\t\t\t\/\/forward:  null, \/\/ Selector or DOM element for \"forward movement\" button.\r\n\t\t\t\t\t\t\t\t\/\/backward: null, \/\/ Selector or DOM element for \"backward movement\" button.\r\n\t\t\t\t\t\t\t\tprev:     $container.find('.sly-prev'), \/\/ Selector or DOM element for \"previous item\" button.\r\n\t\t\t\t\t\t\t\tnext:     $container.find('.sly-next'), \/\/ Selector or DOM element for \"next item\" button.\r\n\t\t\t\t\t\t\t\t\/\/prevPage: null, \/\/ Selector or DOM element for \"previous page\" button.\r\n\t\t\t\t\t\t\t\t\/\/nextPage: null, \/\/ Selector or DOM element for \"next page\" button.\r\n\t\t\t\t\t\t\t\t\r\n\t\t\t\t\t\t\t\t\r\n\t\t\t\t\t\t\t\t\/\/ Mixed options\r\n\t\t\t\t\t\t\t\tmoveBy:        300,     \/\/ Speed in pixels per second used by forward and backward buttons.\r\n\t\t\t\t\t\t\t\tspeed:         150,       \/\/ Animations speed in milliseconds. 0 to disable animations.\r\n\t\t\t\t\t\t\t\teasing:        'swing', \/\/ Easing for duration based (tweening) animations.\r\n\t\t\t\t\t\t\t\tstartAt:       startFrom,    \/\/ Starting offset in pixels or items.\r\n\t\t\t\t\t\t\t\tkeyboardNavBy: 'items',    \/\/ Enable keyboard navigation by 'items' or 'pages'.\r\n\r\n\t\t\t\t\t\t\t\t\/\/ Classes\r\n\t\t\t\t\t\t\t\tdraggedClass:  'dragged', \/\/ Class for dragged elements (like SLIDEE or scrollbar handle).\r\n\t\t\t\t\t\t\t\tactiveClass:   'active',  \/\/ Class for active items and pages.\r\n\t\t\t\t\t\t\t\tdisabledClass: 'disabled', \/\/ Class for disabled navigation elements.\r\n\t\t\t\t\t\t\t});\r\n\t\t\t\t\t\t}\r\n\t\t\t\t\t};\r\n\t\t\t\t\t$(window).on('load resize', alyCarouselInit);\r\n\t\t\t\t\t$('head').append('<style>@media only screen and (max-width: 1022px) {.dfd-horizontal-scroll-wrap .dfd-horizontal-scroll-container ul li .cover {padding: 7.5px 0 !important;}}<\/style>');\r\n\t\t\t\t})(jQuery);\r\n\t\t\t<\/script>\r\n\t\t\t<\/div><div class=\"dfd-spacer-module\"  data-units=\"px\" data-wide_resolution=\"1280\" data-wide_size=\"90\" data-normal_resolution=\"1024\" data-normal_size=\"80\" data-tablet_resolution=\"800\" data-tablet_size=\"80\" data-mobile_resolution=\"480\" data-mobile_size=\"60\" style=\"height: 90px;\"><\/div>[\/vc_column][\/vc_row]<\/p>\n","protected":false},"excerpt":{"rendered":"<p>[vc_row][vc_column][vc_column_text css=&#8221;.vc_custom_1508838350937{padding-right: 20px !important;padding-left: 20px !important;}&#8221;]Podjetje EKO-MA d.o.o. je bilo ustanovljeno leta 2009. Najpomembnej\u0161i cilj je bil zdru\u017eiti izku\u0161nje sodelavcev na podro\u010dju veletrgovine in sicer skoraj izklju\u010dno na izvozu in<\/p>\n","protected":false},"author":3,"featured_media":0,"parent":0,"menu_order":0,"comment_status":"closed","ping_status":"closed","template":"page-custom-with-header.php","meta":{"_acf_changed":false,"footnotes":""},"class_list":["post-18045","page","type-page","status-publish","hentry"],"acf":[],"_links":{"self":[{"href":"https:\/\/eko-ma.eu\/index.php\/wp-json\/wp\/v2\/pages\/18045","targetHints":{"allow":["GET"]}}],"collection":[{"href":"https:\/\/eko-ma.eu\/index.php\/wp-json\/wp\/v2\/pages"}],"about":[{"href":"https:\/\/eko-ma.eu\/index.php\/wp-json\/wp\/v2\/types\/page"}],"author":[{"embeddable":true,"href":"https:\/\/eko-ma.eu\/index.php\/wp-json\/wp\/v2\/users\/3"}],"replies":[{"embeddable":true,"href":"https:\/\/eko-ma.eu\/index.php\/wp-json\/wp\/v2\/comments?post=18045"}],"version-history":[{"count":36,"href":"https:\/\/eko-ma.eu\/index.php\/wp-json\/wp\/v2\/pages\/18045\/revisions"}],"predecessor-version":[{"id":18107,"href":"https:\/\/eko-ma.eu\/index.php\/wp-json\/wp\/v2\/pages\/18045\/revisions\/18107"}],"wp:attachment":[{"href":"https:\/\/eko-ma.eu\/index.php\/wp-json\/wp\/v2\/media?parent=18045"}],"curies":[{"name":"wp","href":"https:\/\/api.w.org\/{rel}","templated":true}]}}