{"id":17647,"date":"2016-04-27T06:16:38","date_gmt":"2016-04-27T06:16:38","guid":{"rendered":"http:\/\/rnbtheme.com\/corporate_first\/?page_id=17647"},"modified":"2021-10-13T10:22:34","modified_gmt":"2021-10-13T10:22:34","slug":"kontakt","status":"publish","type":"page","link":"https:\/\/eko-ma.eu\/index.php\/kontakt\/","title":{"rendered":"Kontakt"},"content":{"rendered":"<p>[vc_row dfd_row_responsive_enable=&#8221;dfd-row-responsive-enable&#8221; row_responsive_mobile_classes=&#8221;dfd-remove-left-padding,dfd-remove-right-padding&#8221; row_responsive_mobile_resolutions=&#8221;dfd-apply-desktop&#8221; css=&#8221;.vc_custom_1462030782669{padding-right: 20px !important;padding-left: 20px !important;}&#8221;][vc_column]<div class=\"dfd-spacer-module\"  data-units=\"px\" data-wide_resolution=\"1280\" data-wide_size=\"60\" data-normal_resolution=\"1024\" data-normal_size=\"50\" data-tablet_resolution=\"800\" data-tablet_size=\"50\" data-mobile_resolution=\"480\" data-mobile_size=\"40\" style=\"height: 60px;\"><\/div>[vc_row_inner][vc_column_inner width=&#8221;1\/2&#8243;]<div class=\"dfd-heading-shortcode\"><div class=\"dfd-heading-module-wrap  text-left style_01 cr-animate-gen dfd-heading-6a04a8dbdf96a dfd-disable-resposive-headings\" id=\"dfd-heading-6a04a8dbdf96a\" data-animate-type = \"transition.slideLeftIn\" ><div class=\"inline-block\"><div class=\"dfd-heading-module\"><h4 class=\"widget-title dfd-title \" style=\"color: #2b2b2b !important; \">Podjetje Slovenija<\/h4><\/div><\/div><\/div><script type=\"text\/javascript\">\r\n\t\t\t\t\t\t\t\t\t(function($) {\r\n\t\t\t\t\t\t\t\t\t\t$(\"head\").append(\"<style>.dfd-heading-6a04a8dbdf96a .dfd-heading-module .widget-title {margin-bottom:25px;}.dfd-heading-6a04a8dbdf96a.dfd-heading-module-wrap .dfd-heading-module .dfd-heading-delimiter {margin-top:10px;margin-bottom:10px;}@media (max-width: 799px){.dfd-heading-6a04a8dbdf96a .dfd-title{line-height: 30px !important;}}<\/style>\");\r\n\t\t\t\t\t\t\t\t\t})(jQuery);\r\n\t\t\t\t\t\t\t\t<\/script><\/div>[vc_column_text item_animation=&#8221;transition.slideLeftIn&#8221;]<strong>EKO-MA d.o.o.<\/strong><\/p>\n<p><strong>Naslov:<\/strong> Ljubljanska cesta 2a, SI-1295 Ivan\u010dna Gorica, Slovenija<\/p>\n<p><strong>Telefon:<\/strong> 00386 (0)1 7869 270<\/p>\n<p><strong>Fax:<\/strong> 00386 (0)1 7869 266<\/p>\n<p><strong>Mobilni telefon:<\/strong> 00386 (0)41 646 383<\/p>\n<p><strong>E-mail:<\/strong>&nbsp;<a href=\"mailto:info.ekoma@gmail.com\">info.ekoma@gmail.com<\/a><\/p>\n<p><strong>Internetna stran:<\/strong> <a href=\"http:\/\/www.eko-ma.eu\">www.eko-ma.eu<\/a>[\/vc_column_text][\/vc_column_inner][vc_column_inner width=&#8221;1\/2&#8243;]<div class=\"dfd-heading-shortcode\"><div class=\"dfd-heading-module-wrap  text-left style_01 cr-animate-gen dfd-heading-6a04a8dbdfaaf dfd-disable-resposive-headings\" id=\"dfd-heading-6a04a8dbdfaaf\" data-animate-type = \"transition.slideLeftIn\" ><div class=\"inline-block\"><div class=\"dfd-heading-module\"><h4 class=\"widget-title dfd-title \" style=\"color: #2b2b2b !important; \">Zastopstvo Nem\u010dija<\/h4><\/div><\/div><\/div><script type=\"text\/javascript\">\r\n\t\t\t\t\t\t\t\t\t(function($) {\r\n\t\t\t\t\t\t\t\t\t\t$(\"head\").append(\"<style>.dfd-heading-6a04a8dbdfaaf .dfd-heading-module .widget-title {margin-bottom:25px;}.dfd-heading-6a04a8dbdfaaf.dfd-heading-module-wrap .dfd-heading-module .dfd-heading-delimiter {margin-top:10px;margin-bottom:10px;}@media (max-width: 799px){.dfd-heading-6a04a8dbdfaaf .dfd-title{line-height: 30px !important;}}<\/style>\");\r\n\t\t\t\t\t\t\t\t\t})(jQuery);\r\n\t\t\t\t\t\t\t\t<\/script><\/div>[vc_column_text item_animation=&#8221;transition.slideLeftIn&#8221;]<strong>Mitja Je\u017eovnik, Dipl.-Ing. \u2013 Dienstleistungen<\/strong><\/p>\n<p><strong>Naslov: <\/strong>Kilihofstra\u00dfe 22a, DE-81827 M\u00fcnchen, Nem\u010dija<\/p>\n<p><strong>Telefon:<\/strong> 0049 (0)89 510 82 946<\/p>\n<p><strong>Fax:<\/strong> 0049 (0)89 510 82 963<\/p>\n<p><strong>Mobilni telefon:<\/strong> 0049 (0)173 481 9977<\/p>\n<p><strong>E-mail:<\/strong>&nbsp;<a href=\"mailto:info.ekoma@gmail.com\">info.ekoma@gmail.com<\/a>[\/vc_column_text][\/vc_column_inner][\/vc_row_inner]<div class=\"dfd-spacer-module\"  data-units=\"px\" data-wide_resolution=\"1280\" data-wide_size=\"60\" data-normal_resolution=\"1024\" data-normal_size=\"50\" data-tablet_resolution=\"800\" data-tablet_size=\"40\" data-mobile_resolution=\"480\" data-mobile_size=\"40\" style=\"height: 60px;\"><\/div>[\/vc_column][\/vc_row][vc_row dfd_row_responsive_enable=&#8221;dfd-row-responsive-enable&#8221; row_responsive_mobile_classes=&#8221;dfd-remove-left-padding,dfd-remove-right-padding&#8221; row_responsive_mobile_resolutions=&#8221;dfd-apply-desktop&#8221; css=&#8221;.vc_custom_1508874253118{border-top-width: 1px !important;padding-right: 20px !important;padding-left: 20px !important;background-color: #ededed !important;border-top-color: #f7f7f7 !important;border-top-style: solid !important;}&#8221;][vc_column width=&#8221;1\/2&#8243; column_responsive_mobile_classes=&#8221;dfd-remove-left-padding,dfd-remove-right-padding&#8221; column_responsive_mobile_resolutions=&#8221;dfd-apply-laptop,dfd-apply-tablet,dfd-apply-mobile&#8221;]<div class=\"dfd-spacer-module\"  data-units=\"px\" data-wide_resolution=\"1280\" data-wide_size=\"60\" data-normal_resolution=\"1024\" data-normal_size=\"50\" data-tablet_resolution=\"800\" data-tablet_size=\"40\" data-mobile_resolution=\"480\" data-mobile_size=\"40\" style=\"height: 60px;\"><\/div><div class=\"dfd-heading-shortcode\"><div class=\"dfd-heading-module-wrap  text-left style_01 dfd-heading-6a04a8dbdfc38 dfd-disable-resposive-headings\" id=\"dfd-heading-6a04a8dbdfc38\" ><div class=\"inline-block\"><div class=\"dfd-heading-module\"><h4 class=\"widget-title dfd-title \" style=\"color: #2b2b2b !important; \">Stopite v stik z nami<\/h4><h5 class=\"widget-sub-title dfd-sub-title \" style=\"\">Za ve\u010d informacij nas prosim kontaktirajte<\/h5><div class=\"dfd-heading-delimiter\"><\/div><\/div><\/div><\/div><script type=\"text\/javascript\">\r\n\t\t\t\t\t\t\t\t\t(function($) {\r\n\t\t\t\t\t\t\t\t\t\t$(\"head\").append(\"<style>.dfd-heading-6a04a8dbdfc38.dfd-heading-module-wrap .dfd-heading-module .dfd-heading-delimiter {border-bottom-style:solid;border-bottom-width:1px;width:100px;border-bottom-color:#e5e5e5;}.dfd-heading-6a04a8dbdfc38.dfd-heading-module-wrap .dfd-heading-module .dfd-heading-delimiter {margin-top:25px;}<\/style>\");\r\n\t\t\t\t\t\t\t\t\t})(jQuery);\r\n\t\t\t\t\t\t\t\t<\/script><\/div><div class=\"dfd-spacer-module\"  data-units=\"px\" data-wide_resolution=\"1280\" data-wide_size=\"35\" data-normal_resolution=\"1024\" data-normal_size=\"35\" data-tablet_resolution=\"800\" data-tablet_size=\"35\" data-mobile_resolution=\"480\" data-mobile_size=\"35\" style=\"height: 35px;\"><\/div>[vc_column_text]<\/p>\n<p style=\"text-align: center;\">\n<div class=\"wpcf7 no-js\" id=\"wpcf7-f18117-o1\" lang=\"en-US\" dir=\"ltr\">\n<div class=\"screen-reader-response\"><p role=\"status\" aria-live=\"polite\" aria-atomic=\"true\"><\/p> <ul><\/ul><\/div>\n<form action=\"\/index.php\/wp-json\/wp\/v2\/pages\/17647#wpcf7-f18117-o1\" method=\"post\" class=\"wpcf7-form init\" aria-label=\"Contact form\" novalidate=\"novalidate\" data-status=\"init\">\n<div style=\"display: none;\">\n<input type=\"hidden\" name=\"_wpcf7\" value=\"18117\" \/>\n<input type=\"hidden\" name=\"_wpcf7_version\" value=\"5.8.1\" \/>\n<input type=\"hidden\" name=\"_wpcf7_locale\" value=\"en_US\" \/>\n<input type=\"hidden\" name=\"_wpcf7_unit_tag\" value=\"wpcf7-f18117-o1\" \/>\n<input type=\"hidden\" name=\"_wpcf7_container_post\" value=\"0\" \/>\n<input type=\"hidden\" name=\"_wpcf7_posted_data_hash\" value=\"\" \/>\n<\/div>\n<p><label> Ime in priimek (obvezno)<br \/>\n<span class=\"wpcf7-form-control-wrap\" data-name=\"your-name\"><input size=\"40\" class=\"wpcf7-form-control wpcf7-text wpcf7-validates-as-required\" aria-required=\"true\" aria-invalid=\"false\" value=\"\" type=\"text\" name=\"your-name\" \/><\/span> <\/label>\n<\/p>\n<p><label> E-mail (obvezno)<br \/>\n<span class=\"wpcf7-form-control-wrap\" data-name=\"your-email\"><input size=\"40\" class=\"wpcf7-form-control wpcf7-email wpcf7-validates-as-required wpcf7-text wpcf7-validates-as-email\" aria-required=\"true\" aria-invalid=\"false\" value=\"\" type=\"email\" name=\"your-email\" \/><\/span> <\/label>\n<\/p>\n<p><label> Zadeva<br \/>\n<span class=\"wpcf7-form-control-wrap\" data-name=\"your-subject\"><input size=\"40\" class=\"wpcf7-form-control wpcf7-text\" aria-invalid=\"false\" value=\"\" type=\"text\" name=\"your-subject\" \/><\/span> <\/label>\n<\/p>\n<p><label> Napi\u0161i sporo\u010dilo<br \/>\n<span class=\"wpcf7-form-control-wrap\" data-name=\"your-message\"><textarea cols=\"40\" rows=\"10\" class=\"wpcf7-form-control wpcf7-textarea\" aria-invalid=\"false\" name=\"your-message\"><\/textarea><\/span> <\/label>\n<\/p>\n<p><input class=\"wpcf7-form-control wpcf7-submit has-spinner\" type=\"submit\" value=\"Po\u0161lji\" \/>\n<\/p><div class=\"wpcf7-response-output\" aria-hidden=\"true\"><\/div>\n<\/form>\n<\/div>\n<p>[\/vc_column_text]<div class=\"dfd-spacer-module\"  data-units=\"px\" data-wide_resolution=\"1280\" data-wide_size=\"90\" data-normal_resolution=\"1024\" data-normal_size=\"80\" data-tablet_resolution=\"800\" data-tablet_size=\"60\" data-mobile_resolution=\"480\" data-mobile_size=\"60\" style=\"height: 90px;\"><\/div>[\/vc_column][\/vc_row]<\/p>\n","protected":false},"excerpt":{"rendered":"<p>[vc_row dfd_row_responsive_enable=&#8221;dfd-row-responsive-enable&#8221; row_responsive_mobile_classes=&#8221;dfd-remove-left-padding,dfd-remove-right-padding&#8221; row_responsive_mobile_resolutions=&#8221;dfd-apply-desktop&#8221; css=&#8221;.vc_custom_1462030782669{padding-right: 20px !important;padding-left: 20px !important;}&#8221;][vc_column][vc_row_inner][vc_column_inner width=&#8221;1\/2&#8243;][vc_column_text item_animation=&#8221;transition.slideLeftIn&#8221;]EKO-MA d.o.o. Naslov: Ljubljanska cesta 2a, SI-1295 Ivan\u010dna Gorica, Slovenija Telefon: 00386 (0)1 7869 270 Fax: 00386 (0)1 7869 266<\/p>\n","protected":false},"author":2,"featured_media":0,"parent":0,"menu_order":0,"comment_status":"closed","ping_status":"closed","template":"page-custom-with-header.php","meta":{"_acf_changed":false,"footnotes":""},"class_list":["post-17647","page","type-page","status-publish","hentry"],"acf":[],"_links":{"self":[{"href":"https:\/\/eko-ma.eu\/index.php\/wp-json\/wp\/v2\/pages\/17647","targetHints":{"allow":["GET"]}}],"collection":[{"href":"https:\/\/eko-ma.eu\/index.php\/wp-json\/wp\/v2\/pages"}],"about":[{"href":"https:\/\/eko-ma.eu\/index.php\/wp-json\/wp\/v2\/types\/page"}],"author":[{"embeddable":true,"href":"https:\/\/eko-ma.eu\/index.php\/wp-json\/wp\/v2\/users\/2"}],"replies":[{"embeddable":true,"href":"https:\/\/eko-ma.eu\/index.php\/wp-json\/wp\/v2\/comments?post=17647"}],"version-history":[{"count":35,"href":"https:\/\/eko-ma.eu\/index.php\/wp-json\/wp\/v2\/pages\/17647\/revisions"}],"predecessor-version":[{"id":18365,"href":"https:\/\/eko-ma.eu\/index.php\/wp-json\/wp\/v2\/pages\/17647\/revisions\/18365"}],"wp:attachment":[{"href":"https:\/\/eko-ma.eu\/index.php\/wp-json\/wp\/v2\/media?parent=17647"}],"curies":[{"name":"wp","href":"https:\/\/api.w.org\/{rel}","templated":true}]}}